{"id":159,"date":"2023-07-18T01:47:52","date_gmt":"2023-07-18T01:47:52","guid":{"rendered":"https:\/\/5dicasparatudo.com.br\/blog\/?page_id=159"},"modified":"2023-07-18T12:17:28","modified_gmt":"2023-07-18T12:17:28","slug":"sobre-5-dicas-para-tudo","status":"publish","type":"page","link":"https:\/\/5dicasparatudo.com.br\/blog\/sobre-5-dicas-para-tudo\/","title":{"rendered":"5 Dicas para Tudo"},"content":{"rendered":"\t\t<div data-elementor-type=\"wp-page\" data-elementor-id=\"159\" class=\"elementor elementor-159\">\n\t\t\t\t\t\t<section class=\"elementor-section elementor-top-section elementor-element elementor-element-176ac10 elementor-section-boxed elementor-section-height-default elementor-section-height-default\" data-id=\"176ac10\" data-element_type=\"section\">\n\t\t\t\t\t\t<div class=\"elementor-container elementor-column-gap-default\">\n\t\t\t\t\t<div class=\"elementor-column elementor-col-100 elementor-top-column elementor-element elementor-element-48fe93b\" data-id=\"48fe93b\" data-element_type=\"column\">\n\t\t\t<div class=\"elementor-widget-wrap elementor-element-populated\">\n\t\t\t\t\t\t<div class=\"elementor-element elementor-element-bbb38e9 elementor-widget elementor-widget-text-editor\" data-id=\"bbb38e9\" data-element_type=\"widget\" data-widget_type=\"text-editor.default\">\n\t\t\t\t<div class=\"elementor-widget-container\">\n\t\t\t\t\t\t\t\t\t<p class=\"p1\"><span class=\"s1\">O blog 5 Dicas Para Tudo foi criado com o objetivo de ajudar as pessoas a resolver problemas do cotidiano. Aqui, voc\u00ea encontrar\u00e1 5 dicas simples sobre assuntos variados, como sa\u00fade, beleza, finan\u00e7as, relacionamentos, trabalho e muito mais.<\/span><\/p><p class=\"p1\"><span class=\"s1\">Acreditamos que todos merecem ter uma vida melhor. Por isso, estamos aqui para ajud\u00e1-lo a resolver seus problemas e alcan\u00e7ar seus objetivos.<\/span><\/p><h1 class=\"p1\"><span class=\"s1\">Nossas dicas<\/span><\/h1><p class=\"p1\"><span class=\"s1\">Nossas dicas s\u00e3o baseadas em estudos, pesquisas cient\u00edficas e na experi\u00eancia de especialistas. Elas s\u00e3o f\u00e1ceis de seguir e podem ser aplicadas no dia a dia.<\/span><\/p><h1 class=\"p1\"><span class=\"s1\">Nossos objetivos<\/span><\/h1><p class=\"p1\"><span class=\"s1\">Ajudar as pessoas a resolver seus problemas do cotidiano<\/span><\/p><p class=\"p1\"><span class=\"s1\">Oferecer dicas simples e f\u00e1ceis de seguir<\/span><\/p><p class=\"p1\"><span class=\"s1\">Basear nossas dicas em pesquisas cient\u00edficas e na experi\u00eancia de especialistas<\/span><\/p><p class=\"p1\"><span class=\"s1\">Tornar nossas dicas acess\u00edveis a todos<\/span><\/p><h1 class=\"p1\"><span class=\"s1\">Nossa equipe<\/span><\/h1><p class=\"p1\"><span class=\"s1\">Nossa equipe \u00e9 composta por especialistas em diversos campos, como sa\u00fade, beleza, finan\u00e7as, relacionamentos e trabalho. Estamos sempre pesquisando e nos atualizando para oferecer as melhores dicas poss\u00edveis para nossos leitores.<\/span><\/p><p class=\"p1\"><span class=\"s1\">Acreditamos que todos merecem ter uma vida melhor. Por isso, estamos aqui para ajud\u00e1-lo a resolver seus problemas e alcan\u00e7ar seus objetivos.<\/span><\/p><p class=\"p1\"><span class=\"s1\">Se voc\u00ea tem alguma d\u00favida ou sugest\u00e3o, entre em contato conosco.<\/span><\/p>\t\t\t\t\t\t\t\t<\/div>\n\t\t\t\t<\/div>\n\t\t\t\t<div class=\"elementor-element elementor-element-7e18255 elementor-widget elementor-widget-shortcode\" data-id=\"7e18255\" data-element_type=\"widget\" data-widget_type=\"shortcode.default\">\n\t\t\t\t<div class=\"elementor-widget-container\">\n\t\t\t\t\t\t\t<div class=\"elementor-shortcode\"><\/div>\n\t\t\t\t\t\t<\/div>\n\t\t\t\t<\/div>\n\t\t\t\t\t<\/div>\n\t\t<\/div>\n\t\t\t\t\t<\/div>\n\t\t<\/section>\n\t\t\t\t<\/div>\n\t\t","protected":false},"excerpt":{"rendered":"<p>O blog 5 Dicas Para Tudo foi criado com o objetivo de ajudar as pessoas a resolver problemas do cotidiano. Aqui, voc\u00ea encontrar\u00e1 5 dicas simples sobre assuntos variados, como sa\u00fade, beleza, finan\u00e7as, relacionamentos, trabalho e muito mais. Acreditamos que todos merecem ter uma vida melhor. Por isso, estamos aqui para ajud\u00e1-lo a resolver seus [&hellip;]<\/p>\n","protected":false},"author":1,"featured_media":0,"parent":0,"menu_order":0,"comment_status":"closed","ping_status":"closed","template":"","meta":{"pagelayer_contact_templates":[],"_pagelayer_content":"","site-container-style":"default","site-container-layout":"default","site-sidebar-layout":"default","disable-article-header":"default","disable-site-header":"default","disable-site-footer":"default","disable-content-area-spacing":"default","footnotes":""},"class_list":["post-159","page","type-page","status-publish","hentry"],"_links":{"self":[{"href":"https:\/\/5dicasparatudo.com.br\/blog\/wp-json\/wp\/v2\/pages\/159","targetHints":{"allow":["GET"]}}],"collection":[{"href":"https:\/\/5dicasparatudo.com.br\/blog\/wp-json\/wp\/v2\/pages"}],"about":[{"href":"https:\/\/5dicasparatudo.com.br\/blog\/wp-json\/wp\/v2\/types\/page"}],"author":[{"embeddable":true,"href":"https:\/\/5dicasparatudo.com.br\/blog\/wp-json\/wp\/v2\/users\/1"}],"replies":[{"embeddable":true,"href":"https:\/\/5dicasparatudo.com.br\/blog\/wp-json\/wp\/v2\/comments?post=159"}],"version-history":[{"count":4,"href":"https:\/\/5dicasparatudo.com.br\/blog\/wp-json\/wp\/v2\/pages\/159\/revisions"}],"predecessor-version":[{"id":163,"href":"https:\/\/5dicasparatudo.com.br\/blog\/wp-json\/wp\/v2\/pages\/159\/revisions\/163"}],"wp:attachment":[{"href":"https:\/\/5dicasparatudo.com.br\/blog\/wp-json\/wp\/v2\/media?parent=159"}],"curies":[{"name":"wp","href":"https:\/\/api.w.org\/{rel}","templated":true}]}}